{"id":6,"date":"2023-04-17T12:40:50","date_gmt":"2023-04-17T10:40:50","guid":{"rendered":"https:\/\/translate.tomsidee.de\/?page_id=2"},"modified":"2023-12-07T12:36:41","modified_gmt":"2023-12-07T11:36:41","slug":"beispiel-seite","status":"publish","type":"page","link":"https:\/\/translate.tomsidee.de\/de\/","title":{"rendered":"Translate Files with AI"},"content":{"rendered":"\n<p><em>Translate Files with AI<\/em> ist ein Programm zum automatisierten \u00dcbersetzen von Text&nbsp;in Textdateien&nbsp;in eine oder mehrere Sprachen.&nbsp;Diese Software verwendet DeepL, um die Texte zu \u00fcbersetzen. DeepL ist derzeit der weltbeste \u00dcbersetzungsdienst und liefert aussagekr\u00e4ftige, verst\u00e4ndliche \u00dcbersetzungen.<\/p>\n\n\n\n<p><em>Translate Files with AI<\/em> gibt es f\u00fcr macOS und Windows.<\/p>\n\n\n\n<div class=\"wp-block-columns is-layout-flex wp-container-core-columns-is-layout-9d6595d7 wp-block-columns-is-layout-flex\">\n<div class=\"wp-block-column is-layout-flow wp-block-column-is-layout-flow\" style=\"flex-basis:200px\"><div class=\"wp-block-image is-resized is-style-default\">\n<figure class=\"alignleft size-full\"><a href=\"https:\/\/apps.microsoft.com\/detail\/9NN5BRKSK34G\" target=\"_blank\" rel=\"noreferrer noopener\"><img decoding=\"async\" src=\"https:\/\/touch.tomsidee.de\/wp-content\/uploads\/sites\/5\/sites\/5\/2022\/06\/English_get-it-from-MS_864X312.png\" alt=\"\" class=\"wp-image-132\" style=\"width:167px\"\/><\/a><\/figure>\n<\/div><\/div>\n\n\n\n<div class=\"wp-block-column is-layout-flow wp-block-column-is-layout-flow\" style=\"flex-basis:200px\"><div class=\"wp-block-image is-resized\">\n<figure class=\"alignleft size-full\"><a href=\"https:\/\/apps.apple.com\/de\/app\/id6446094097\" target=\"_blank\" rel=\"noreferrer noopener\"><img decoding=\"async\" src=\"https:\/\/touch.tomsidee.de\/wp-content\/uploads\/sites\/5\/sites\/5\/2022\/06\/Download_on_the_App_Store_Badge_US_blk_092917.png\" alt=\"\" class=\"wp-image-133\" style=\"width:180px\"\/><\/a><\/figure>\n<\/div><\/div>\n<\/div>\n\n\n\n<h4 class=\"wp-block-heading\">Neueste Beitr\u00e4ge<\/h4>\n\n\n<ul class=\"wp-block-latest-posts__list wp-block-latest-posts\"><li><a class=\"wp-block-latest-posts__post-title\" href=\"https:\/\/translate.tomsidee.de\/de\/2023\/08\/09\/was-kommt-als-naechstes\/\">Was kommt als N\u00e4chstes?<\/a><\/li>\n<li><a class=\"wp-block-latest-posts__post-title\" href=\"https:\/\/translate.tomsidee.de\/de\/2023\/07\/31\/string-dateien-automatisch-uebersetzen\/\">.string-Dateien automatisch mit &#8222;Translate Files with AI&#8220; \u00fcbersetzen<\/a><\/li>\n<\/ul>","protected":false},"excerpt":{"rendered":"<p>Translate Files with AI ist ein Programm zum automatisierten \u00dcbersetzen von Text&nbsp;in Textdateien&nbsp;in eine oder mehrere Sprachen.&nbsp;Diese Software verwendet DeepL, um die Texte zu \u00fcbersetzen. DeepL ist derzeit der weltbeste \u00dcbersetzungsdienst und liefert aussagekr\u00e4ftige, verst\u00e4ndliche \u00dcbersetzungen. Translate Files with AI gibt es f\u00fcr macOS und Windows. Neueste Beitr\u00e4ge<\/p>\n","protected":false},"author":1,"featured_media":0,"parent":0,"menu_order":0,"comment_status":"closed","ping_status":"open","template":"","meta":{"footnotes":""},"class_list":["post-6","page","type-page","status-publish","hentry"],"_links":{"self":[{"href":"https:\/\/translate.tomsidee.de\/de\/wp-json\/wp\/v2\/pages\/6","targetHints":{"allow":["GET"]}}],"collection":[{"href":"https:\/\/translate.tomsidee.de\/de\/wp-json\/wp\/v2\/pages"}],"about":[{"href":"https:\/\/translate.tomsidee.de\/de\/wp-json\/wp\/v2\/types\/page"}],"author":[{"embeddable":true,"href":"https:\/\/translate.tomsidee.de\/de\/wp-json\/wp\/v2\/users\/1"}],"replies":[{"embeddable":true,"href":"https:\/\/translate.tomsidee.de\/de\/wp-json\/wp\/v2\/comments?post=6"}],"version-history":[{"count":6,"href":"https:\/\/translate.tomsidee.de\/de\/wp-json\/wp\/v2\/pages\/6\/revisions"}],"predecessor-version":[{"id":155,"href":"https:\/\/translate.tomsidee.de\/de\/wp-json\/wp\/v2\/pages\/6\/revisions\/155"}],"wp:attachment":[{"href":"https:\/\/translate.tomsidee.de\/de\/wp-json\/wp\/v2\/media?parent=6"}],"curies":[{"name":"wp","href":"https:\/\/api.w.org\/{rel}","templated":true}]}}