{"id":7,"date":"2023-04-17T13:17:18","date_gmt":"2023-04-17T11:17:18","guid":{"rendered":"https:\/\/translate.tomsidee.de\/?page_id=4"},"modified":"2024-01-01T22:14:15","modified_gmt":"2024-01-01T21:14:15","slug":"downloads","status":"publish","type":"page","link":"https:\/\/translate.tomsidee.de\/de\/downloads\/","title":{"rendered":"Downloads"},"content":{"rendered":"\n<h2 class=\"wp-block-heading\">Translate Files with AI<\/h2>\n\n\n\n<div class=\"wp-block-columns is-layout-flex wp-container-core-columns-is-layout-9d6595d7 wp-block-columns-is-layout-flex\">\n<div class=\"wp-block-column is-layout-flow wp-block-column-is-layout-flow\" style=\"flex-basis:200px\"><div class=\"wp-block-image is-resized is-style-default\">\n<figure class=\"alignleft size-full\"><a href=\"https:\/\/apps.microsoft.com\/detail\/9NN5BRKSK34G\" target=\"_blank\" rel=\"noreferrer noopener\"><img decoding=\"async\" src=\"https:\/\/touch.tomsidee.de\/wp-content\/uploads\/sites\/5\/sites\/5\/2022\/06\/English_get-it-from-MS_864X312.png\" alt=\"\" class=\"wp-image-132\" style=\"width:167px\"\/><\/a><\/figure>\n<\/div><\/div>\n\n\n\n<div class=\"wp-block-column is-layout-flow wp-block-column-is-layout-flow\" style=\"flex-basis:200px\"><div class=\"wp-block-image is-resized\">\n<figure class=\"alignleft size-full\"><a href=\"https:\/\/apps.apple.com\/de\/app\/id6446094097\" target=\"_blank\" rel=\"noreferrer noopener\"><img decoding=\"async\" src=\"https:\/\/touch.tomsidee.de\/wp-content\/uploads\/sites\/5\/sites\/5\/2022\/06\/Download_on_the_App_Store_Badge_US_blk_092917.png\" alt=\"\" class=\"wp-image-133\" style=\"width:180px\"\/><\/a><\/figure>\n<\/div><\/div>\n<\/div>\n\n\n\n<p>Hier k\u00f6nnen Sie das Handbuch zu <em>Translate Files with AI<\/em> in Ihrer Sprache herunterladen.<\/p>\n\n\n\n<ul class=\"wp-block-list\">\n<li><a href=\"https:\/\/tomsidee.de\/-downloads\/translate\/da.pdf\" target=\"_blank\" rel=\"noreferrer noopener\">Danish<\/a><\/li>\n\n\n\n<li><a href=\"https:\/\/tomsidee.de\/-downloads\/translate\/de.pdf\" target=\"_blank\" rel=\"noreferrer noopener\">German<\/a><\/li>\n\n\n\n<li><a href=\"https:\/\/tomsidee.de\/-downloads\/translate\/el.pdf\" target=\"_blank\" rel=\"noreferrer noopener\">Greek<\/a><\/li>\n\n\n\n<li><a href=\"https:\/\/tomsidee.de\/-downloads\/translate\/en.pdf\" target=\"_blank\" rel=\"noreferrer noopener\">English<\/a><\/li>\n\n\n\n<li><a href=\"https:\/\/tomsidee.de\/-downloads\/translate\/es.pdf\" target=\"_blank\" rel=\"noreferrer noopener\">Spanish<\/a><\/li>\n\n\n\n<li><a href=\"https:\/\/tomsidee.de\/-downloads\/translate\/fi.pdf\" target=\"_blank\" rel=\"noreferrer noopener\">Finnish<\/a><\/li>\n\n\n\n<li><a href=\"https:\/\/tomsidee.de\/-downloads\/translate\/fr.pdf\" target=\"_blank\" rel=\"noreferrer noopener\">French<\/a><\/li>\n\n\n\n<li><a href=\"https:\/\/tomsidee.de\/-downloads\/translate\/it.pdf\" target=\"_blank\" rel=\"noreferrer noopener\">Italian<\/a><\/li>\n\n\n\n<li><a href=\"https:\/\/tomsidee.de\/-downloads\/translate\/ja.pdf\" target=\"_blank\" rel=\"noreferrer noopener\">Japanese<\/a><\/li>\n\n\n\n<li><a href=\"https:\/\/tomsidee.de\/-downloads\/translate\/ko.pdf\" target=\"_blank\" rel=\"noreferrer noopener\">Korean<\/a><\/li>\n\n\n\n<li><a href=\"https:\/\/tomsidee.de\/-downloads\/translate\/nb.pdf\" target=\"_blank\" rel=\"noreferrer noopener\">Norwegian<\/a><\/li>\n\n\n\n<li><a href=\"https:\/\/tomsidee.de\/-downloads\/translate\/nl.pdf\" target=\"_blank\" rel=\"noreferrer noopener\">Dutch<\/a><\/li>\n\n\n\n<li><a href=\"https:\/\/tomsidee.de\/-downloads\/translate\/pl.pdf\" target=\"_blank\" rel=\"noreferrer noopener\">Polish<\/a><\/li>\n\n\n\n<li><a href=\"https:\/\/tomsidee.de\/-downloads\/translate\/pt.pdf\" target=\"_blank\" rel=\"noreferrer noopener\">Portuguese<\/a><\/li>\n\n\n\n<li><a href=\"https:\/\/tomsidee.de\/-downloads\/translate\/sv.pdf\" target=\"_blank\" rel=\"noreferrer noopener\">Swedish<\/a><\/li>\n\n\n\n<li><a href=\"https:\/\/tomsidee.de\/-downloads\/translate\/tr.pdf\" target=\"_blank\" rel=\"noreferrer noopener\">Turkish<\/a><\/li>\n\n\n\n<li><a href=\"https:\/\/tomsidee.de\/-downloads\/translate\/uk.pdf\" target=\"_blank\" rel=\"noreferrer noopener\">Ukrainian<\/a><\/li>\n\n\n\n<li><a rel=\"noreferrer noopener\" href=\"https:\/\/tomsidee.de\/-downloads\/translate\/zh.pdf\" target=\"_blank\">Chinese<\/a><\/li>\n<\/ul>\n\n\n\n<h2 class=\"wp-block-heading\">Translate Xojo Constants with AI<\/h2>\n\n\n\n<div class=\"wp-block-columns are-vertically-aligned-center is-layout-flex wp-container-core-columns-is-layout-9d6595d7 wp-block-columns-is-layout-flex\">\n<div class=\"wp-block-column is-vertically-aligned-center is-layout-flow wp-block-column-is-layout-flow\" style=\"flex-basis:200px\"><div class=\"wp-block-image is-resized is-style-default\">\n<figure class=\"alignleft size-full\"><a href=\"https:\/\/apps.microsoft.com\/detail\/9PC00K7Z0Z26\" target=\"_blank\" rel=\"noreferrer noopener\"><img decoding=\"async\" src=\"https:\/\/touch.tomsidee.de\/wp-content\/uploads\/sites\/5\/sites\/5\/2022\/06\/English_get-it-from-MS_864X312.png\" alt=\"\" class=\"wp-image-132\" style=\"width:167px\"\/><\/a><\/figure>\n<\/div><\/div>\n\n\n\n<div class=\"wp-block-column is-vertically-aligned-center is-layout-flow wp-block-column-is-layout-flow\" style=\"flex-basis:200px\"><div class=\"wp-block-image is-resized\">\n<figure class=\"alignleft size-full\"><a href=\"https:\/\/apps.apple.com\/de\/app\/id6471915926\" target=\"_blank\" rel=\"noreferrer noopener\"><img decoding=\"async\" src=\"https:\/\/touch.tomsidee.de\/wp-content\/uploads\/sites\/5\/sites\/5\/2022\/06\/Download_on_the_App_Store_Badge_US_blk_092917.png\" alt=\"\" class=\"wp-image-133\" style=\"width:180px\"\/><\/a><\/figure>\n<\/div><\/div>\n<\/div>\n\n\n\n<p>Hier k\u00f6nnen Sie das Handbuch zu <em><strong>Translate Xojo Constants with AI<\/strong><\/em> herunterladen.<\/p>\n\n\n\n<p>Wichtiger Hinweis:<br>Mit dieser App k\u00f6nnen nur <em><strong>Xojo<\/strong><\/em>-Konstanten \u00fcbersetzt werden.<\/p>\n\n\n\n<ul class=\"wp-block-list\">\n<li><a href=\"https:\/\/tomsidee.de\/-downloads\/translate\/xojo\/de.pdf\" target=\"_blank\" rel=\"noreferrer noopener\">German<\/a><\/li>\n\n\n\n<li><a href=\"https:\/\/tomsidee.de\/-downloads\/translate\/xojo\/en.pdf\" target=\"_blank\" rel=\"noreferrer noopener\">English<\/a><\/li>\n<\/ul>\n\n\n\n<h2 class=\"wp-block-heading\">Translate HTML Files with AI<\/h2>\n\n\n\n<div class=\"wp-block-columns are-vertically-aligned-center is-layout-flex wp-container-core-columns-is-layout-9d6595d7 wp-block-columns-is-layout-flex\">\n<div class=\"wp-block-column is-vertically-aligned-center is-layout-flow wp-block-column-is-layout-flow\" style=\"flex-basis:200px\"><div class=\"wp-block-image is-resized is-style-default\">\n<figure class=\"alignleft size-full\"><a href=\"https:\/\/apps.microsoft.com\/detail\/9PC00K7Z0Z26\" target=\"_blank\" rel=\"noreferrer noopener\"><img decoding=\"async\" src=\"https:\/\/touch.tomsidee.de\/wp-content\/uploads\/sites\/5\/sites\/5\/2022\/06\/English_get-it-from-MS_864X312.png\" alt=\"\" class=\"wp-image-132\" style=\"width:167px\"\/><\/a><\/figure>\n<\/div><\/div>\n\n\n\n<div class=\"wp-block-column is-vertically-aligned-center is-layout-flow wp-block-column-is-layout-flow\" style=\"flex-basis:200px\"><div class=\"wp-block-image is-resized\">\n<figure class=\"alignleft size-full\"><a href=\"https:\/\/apps.apple.com\/de\/app\/id6471915926\" target=\"_blank\" rel=\"noreferrer noopener\"><img decoding=\"async\" src=\"https:\/\/touch.tomsidee.de\/wp-content\/uploads\/sites\/5\/sites\/5\/2022\/06\/Download_on_the_App_Store_Badge_US_blk_092917.png\" alt=\"\" class=\"wp-image-133\" style=\"width:180px\"\/><\/a><\/figure>\n<\/div><\/div>\n<\/div>\n\n\n\n<p>Hier k\u00f6nnen Sie das Handbuch zu <em><strong>Translate Xojo Constants with AI<\/strong><\/em> herunterladen.<\/p>\n\n\n\n<p>Wichtiger Hinweis:<br>Mit dieser App k\u00f6nnen nur HTML-Dateien \u00fcbersetzt werden.<\/p>\n\n\n\n<ul class=\"wp-block-list\">\n<li><a href=\"https:\/\/tomsidee.de\/-downloads\/translate\/html\/de.pdf\" target=\"_blank\" rel=\"noreferrer noopener\">German<\/a><\/li>\n\n\n\n<li><a href=\"https:\/\/tomsidee.de\/-downloads\/translate\/html\/en.pdf\" target=\"_blank\" rel=\"noreferrer noopener\">English<\/a><\/li>\n\n\n\n<li><a href=\"https:\/\/tomsidee.de\/-downloads\/translate\/html\/es.pdf\" target=\"_blank\" rel=\"noreferrer noopener\">Spanish<\/a><\/li>\n\n\n\n<li><a href=\"https:\/\/tomsidee.de\/-downloads\/translate\/html\/zh.pdf\" target=\"_blank\" rel=\"noreferrer noopener\">Chinese<\/a><\/li>\n<\/ul>\n","protected":false},"excerpt":{"rendered":"<p>Translate Files with AI Hier k\u00f6nnen Sie das Handbuch zu Translate Files with AI in Ihrer Sprache herunterladen. Translate Xojo Constants with AI Hier k\u00f6nnen Sie das Handbuch zu Translate Xojo Constants with AI herunterladen. Wichtiger Hinweis:Mit dieser App k\u00f6nnen nur Xojo-Konstanten \u00fcbersetzt werden. Translate HTML Files with AI Hier k\u00f6nnen Sie das Handbuch zu &hellip; <a href=\"https:\/\/translate.tomsidee.de\/de\/downloads\/\" class=\"more-link\"><span class=\"screen-reader-text\">Downloads<\/span> weiterlesen<\/a><\/p>\n","protected":false},"author":1,"featured_media":0,"parent":0,"menu_order":0,"comment_status":"closed","ping_status":"closed","template":"","meta":{"footnotes":""},"class_list":["post-7","page","type-page","status-publish","hentry"],"_links":{"self":[{"href":"https:\/\/translate.tomsidee.de\/de\/wp-json\/wp\/v2\/pages\/7","targetHints":{"allow":["GET"]}}],"collection":[{"href":"https:\/\/translate.tomsidee.de\/de\/wp-json\/wp\/v2\/pages"}],"about":[{"href":"https:\/\/translate.tomsidee.de\/de\/wp-json\/wp\/v2\/types\/page"}],"author":[{"embeddable":true,"href":"https:\/\/translate.tomsidee.de\/de\/wp-json\/wp\/v2\/users\/1"}],"replies":[{"embeddable":true,"href":"https:\/\/translate.tomsidee.de\/de\/wp-json\/wp\/v2\/comments?post=7"}],"version-history":[{"count":12,"href":"https:\/\/translate.tomsidee.de\/de\/wp-json\/wp\/v2\/pages\/7\/revisions"}],"predecessor-version":[{"id":161,"href":"https:\/\/translate.tomsidee.de\/de\/wp-json\/wp\/v2\/pages\/7\/revisions\/161"}],"wp:attachment":[{"href":"https:\/\/translate.tomsidee.de\/de\/wp-json\/wp\/v2\/media?parent=7"}],"curies":[{"name":"wp","href":"https:\/\/api.w.org\/{rel}","templated":true}]}}